{"id":1090,"date":"2020-02-26T09:54:44","date_gmt":"2020-02-26T09:54:44","guid":{"rendered":"https:\/\/cervezasantiga.com\/inicio\/?page_id=1090"},"modified":"2024-08-17T18:07:25","modified_gmt":"2024-08-17T18:07:25","slug":"terminos-y-condiciones-de-compra","status":"publish","type":"page","link":"https:\/\/cervezasantiga.com\/inicio\/terminos-y-condiciones-de-compra\/","title":{"rendered":"T\u00e9rminos y Condiciones de Compra"},"content":{"rendered":"\n<p><strong>T\u00e9rminos y Condiciones<\/strong><\/p>\n\n\n\n<p>Las condiciones de compra (en adelante las Condiciones) expuestas a continuaci\u00f3n regulan la venta de los productos del sitio web \u201chttps:\/\/cervezasantiga.com\/inicio\u201d o tienda online presentado por ANTIGA BREWING COMPANY, S.L, (en adelante, CERVEZAS ANTIGA), con domicilio social en Cam\u00ed Vell de Russafa, 100. Pol. Ind. el Bony CP 46.470 CATARROJA (Valencia) y con direcci\u00f3n de correo electr\u00f3nico&nbsp;info@cervezasantiga.com, CIF n\u00famero&nbsp;B-40547598<\/p>\n\n\n\n<p>Le rogamos que lea atentamente las Condiciones antes de usar esta p\u00e1gina web. Al utilizar esta p\u00e1gina web o hacer un pedido a trav\u00e9s de la misma, usted acepta las Condiciones y consiente quedar vinculado por las mismas, por lo que si usted no est\u00e1 de acuerdo con el contenido \u00edntegro de las Condiciones no debe hacer uso de esta p\u00e1gina web. Estas Condiciones podr\u00edan ser modificadas en cualquier momento, siendo aplicables las Condiciones vigentes en el momento de uso de la p\u00e1gina web. En la parte inferior de este documento, podr\u00e1 ver la \u00faltima actualizaci\u00f3n de nuestras condiciones de venta.<\/p>\n\n\n\n<p>La venta de productos&nbsp;est\u00e1 limitada a Espa\u00f1a (excepto Baleares, Canarias, Ceuta y Melilla).<\/p>\n\n\n\n<p><strong>1. Env\u00edos a&nbsp;Espa\u00f1a<\/strong><\/p>\n\n\n\n<p><strong>Recogida en f\u00e1brica:<\/strong><strong><\/strong><\/p>\n\n\n\n<p>Recogida gratuita. El plazo de entrega es de 1 a 2 d\u00edas laborables. Puede encontrarnos en&nbsp;Cam\u00ed Vell de Russafa, 100. Pol. Ind. El Bony CP 46.470 CATRROJA (Valencia) Tel\u00e9fono de contacto 960727518<\/p>\n\n\n\n<p><strong>Env\u00edo por Agencias de Transporte:<\/strong><br>El plazo de entrega es de 1 a 3 d\u00edas laborables.<br>El precio de los portes estar\u00e1 reflejado durante el proceso de compra &nbsp;y vendr\u00e1 determinado por el peso de la mercanc\u00eda solicitada.<\/p>\n\n\n\n<p>Los plazos de env\u00edo podr\u00e1n variar en periodos promocionales, temporada alta o en caso de falta de disponibilidad en nuestros almacenes.<\/p>\n\n\n\n<p><strong>Condiciones de env\u00edo.<\/strong><strong><\/strong><\/p>\n\n\n\n<p>El env\u00edo de los art\u00edculos comprados en&nbsp;CERVEZAS ANTIGA&nbsp;es realizado por varias empresas de mensajer\u00eda. Los plazos pueden variar en env\u00edos realizados en temporada alta&nbsp;o promociones as\u00ed como a zonas que conlleven gesti\u00f3n aduanera.<\/p>\n\n\n\n<p>Se entender\u00e1 que el pedido ha sido entregado correctamente en el momento en que se firme la recepci\u00f3n del mismo en la direcci\u00f3n de entrega convenida.<\/p>\n\n\n\n<p>Con el fin de evitar incidencias en la entrega (tales como direcciones err\u00f3neas, imposibilidad de encontrar a alguien en el domicilio, etc.), es imprescindible cumplimentar correctamente el formulario de compra, siendo recomendable facilitar un tel\u00e9fono de contacto en la casilla correspondiente. Asimismo, el seguimiento de los pedidos podr\u00e1 realizarse a trav\u00e9s del tel\u00e9fono de contacto 960727518<\/p>\n\n\n\n<p><strong>1.1 Env\u00edos fuera de Espa\u00f1a<\/strong><\/p>\n\n\n\n<p>NO se aceptan pedidos fuera de Espa\u00f1a.<\/p>\n\n\n\n<p><strong>2. Cambios y devoluciones<\/strong><\/p>\n\n\n\n<p><strong><u>CAJAS DE CERVEZA<\/u><\/strong><\/p>\n\n\n\n<p>Desde&nbsp;CERVEZAS ANTIGA&nbsp;nos aseguraremos de que tu pedido llegue en perfecto estado, si el pedido no llegara en perfecto estado, debes de indicarlo en el albar\u00e1n de entrega de la agencia de transportes y abrir el paquete en presencia del transportista si el envoltorio presentar\u00e1 defectos llamativos as\u00ed como enviarnos una foto a&nbsp;info@cervezasantiga.com&nbsp;y proceder\u00edamos a enviarte de nuevo el pedido sin coste alguno para el cliente.<\/p>\n\n\n\n<p><strong><u>VISITAS A FABRICA CON CATA<\/u><\/strong> (Paralizadas TEMPORALMENTE: 2023)<\/p>\n\n\n\n<p>Las cancelaciones realizadas por el USUARIO se podr\u00e1n realizar antes de las <strong>72 horas previas a las visitas de f\u00e1brica. El importe no ser\u00e1 reembolsable,<\/strong> el usuario tendr\u00e1 derecho a solicitar un <strong>nuevo cambio de fecha dentro de los TRES MESES siguientes<\/strong>.<strong> En caso contrario el importe no ser\u00e1 reembolsable.<\/strong><\/p>\n\n\n\n<p>En el caso de cancelaci\u00f3n de las visitas se avisar\u00e1 al cliente con un<strong> plazo de 48 horas, pudiendo ser reembolsable el importe abonado sin gastos para el cliente<\/strong> o modificada la fecha <strong>dentro d<\/strong>el presente ejercicio o previa negociaci\u00f3n con CERVEZAS ANTIGA.<\/p>\n\n\n\n<p><strong>En el caso de escoger la opci\u00f3n de VISITA A LA F\u00c1BRICA CON CATA \u00abes un regalo\u00bb , no se\u00f1alando la opci\u00f3n de fecha preestablecida tendr\u00e1 la opci\u00f3n de escoger una fecha&nbsp; dentro de los TRES SIGUIENTES meses a la fecha de la compra, en el caso de no realizar la reserva la VISITA A LA F\u00c1BRICA CON CATA expedir\u00e1 su validez.<\/strong> <strong>TODO VALE REGALO caduca a los TRES MESES de la fecha de la compra.<\/strong><\/p>\n\n\n\n<p><\/p>\n\n\n\n<p><strong>CATA EN ANTIGA ALAMEDA <\/strong><\/p>\n\n\n\n<p>Las cancelaciones se podr\u00e1n realizar antes de las&nbsp;<strong>72 horas previas a las visitas . El importe no ser\u00e1 reembolsable,<\/strong>&nbsp;el usuario tendr\u00e1 derecho a solicitar un&nbsp;<strong>nuevo cambio de fecha dentro de los tres siguientes meses<\/strong>&nbsp;a la fecha inicial de la visita.<strong>&nbsp;En caso contrario el importe NO SERA REEMBOLSABLE.<\/strong><\/p>\n\n\n\n<p>En el caso de cancelaci\u00f3n de las visitas se avisar\u00e1 al cliente con un<strong>&nbsp;plazo de 48 horas, pudiendo ser reembolsable el importe abonado sin gastos para el cliente<\/strong>&nbsp;o modificada la fecha para los pr\u00f3ximos TRES meses a partir de la fecha seleccionada para la visita.<\/p>\n\n\n\n<p><strong>En el caso de escoger la opci\u00f3n de CATA \u00abes un regalo\u00bb , no se\u00f1alando la opci\u00f3n de fecha preestablecida tendr\u00e1 la opci\u00f3n de escoger una fecha en los pr\u00f3ximos TRES MESES desde la misma fecha de compra, en el caso de no realizar la reserva la VISITA expedir\u00e1 su validez.<\/strong><\/p>\n\n\n\n<p>Las visitas se realizar\u00e1n los s\u00e1bados alas 11.00 horas en ANTIGA ALAMEDA. Paseo Alameda, 10. CP 46.010 VALENCIA los d\u00edas indicados en el desplegable. <\/p>\n\n\n\n<p>NO SE REALIZAN CATAS los s\u00e1bados por la tarde.<\/p>\n\n\n\n<p>En el caso que se adquieran las entradas para regalar, deber\u00e1n de enviarnos un mail a info@cervezasantiga.com indicando el n\u00famero de pedido o Id as\u00ed como el d\u00eda seleccionado. Una vez verifiquemos la disponibilidad por el aforo, les contestaremos por mail confirmando el pedido o d\u00eda de la visita.<\/p>\n\n\n\n<p><\/p>\n\n\n\n<p><strong>3. Forma de pago y segurida<\/strong>d<\/p>\n\n\n\n<p>CERVEZAS ANTIGA&nbsp;aceptar\u00e1 pagos mediante transferencia, tarjeta de cr\u00e9dito o d\u00e9bito (Visa y MasterCard) <\/p>\n\n\n\n<p>Para la opci\u00f3n de pago por transferencia, el n\u00famero de cuenta desde la que se realice el abono deber\u00e1 ser una cuenta corriente en un banco del pa\u00eds de facturaci\u00f3n del pedido. Todos los gastos derivados de realizar el pago por transferencia correr\u00e1n a cargo del cliente. Para poder efectuar la transferencia se facilitar\u00e1 a los clientes el n\u00famero de cuenta en la que deber\u00e1n hacer el ingreso. Para pedidos en el territorio nacional (Espa\u00f1a) el n\u00famero de cuenta es: IBAN ES80 3159 0052&nbsp; 36&nbsp; 2619158229.<\/p>\n\n\n\n<p>En el concepto de la transferencia, es muy importante, que el cliente haga constar su n\u00famero de pedido y su nombre completo.<\/p>\n\n\n\n<p>El pago deber\u00e1 realizarse en un plazo de cinco&nbsp;d\u00edas laborables a partir de la fecha en que se realiz\u00f3 el pedido. El pedido no se considerar\u00e1 aceptado hasta que se constate de forma efectiva que se ha recibido el ingreso. Si pasado el plazo indicado cinco d\u00edas h\u00e1biles,&nbsp;CERVEZAS ANTIGA&nbsp;no ha recibido el importe correspondiente, se proceder\u00e1 a la cancelaci\u00f3n de la compra.<\/p>\n\n\n\n<p>En los pagos con tarjeta de cr\u00e9dito o d\u00e9bito, el cargo se realizar\u00e1 en tiempo real a trav\u00e9s de la pasarela de pago de la entidad financiera correspondiente, una vez se haya comprobado la autenticidad de los datos comunicados.<\/p>\n\n\n\n<p>CERVEZAS ANTIGA&nbsp;utiliza sistemas de pago seguro de entidades financieras de primera l\u00ednea en comercio electr\u00f3nico, con el objetivo de ofrecer la m\u00e1xima seguridad. En este sentido, los datos confidenciales del pago son transmitidos directamente y de forma encriptada (SSL) a la entidad financiera correspondiente.<\/p>\n\n\n\n<p>El CVV2, el sistema de seguridad empleado por&nbsp;CERVEZAS ANTIGA, salvaguarda todos los datos que nos env\u00ede por Internet. Toda informaci\u00f3n que nos sea remitida en un pedido (incluyendo su nombre, direcci\u00f3n y n\u00famero de tarjeta de cr\u00e9dito) ser\u00e1 encriptada a trav\u00e9s de un servidor seguro. Con este procedimiento aseguramos la confidencialidad de la informaci\u00f3n de su tarjeta de cr\u00e9dito y de sus datos de facturaci\u00f3n mientras viajan hasta nuestro centro de tramitaci\u00f3n de pedidos.<\/p>\n\n\n\n<p>CERVEZAS ANTIGA&nbsp;utiliza para salvaguardar toda la informaci\u00f3n depositada en la p\u00e1gina,&nbsp;utiliza los m\u00e1s avanzados sistemas de seguridad. Una de nuestras m\u00e1ximas preocupaciones es ofrecer un servicio seguro y proteger la confidencialidad de los datos que recibimos.&nbsp;<\/p>\n\n\n\n<p>CERVEZAS ANTIGA&nbsp;utiliza&nbsp;se reserva el derecho de comprobar los datos personales facilitados por el cliente y adoptar las disposiciones que considere oportunas (incluida la cancelaci\u00f3n del pedido), con el objetivo de colaborar en la prevenci\u00f3n del fraude a trav\u00e9s de Internet, para que la mercanc\u00eda adquirida sea entregada de conformidad con los datos que figuran en el pedido.<\/p>\n\n\n\n<p>CERVEZAS ANTIGA&nbsp;utiliza&nbsp;emitir\u00e1 una factura que se adjunta en el email de confirmaci\u00f3n de compra.&nbsp;CERVEZAS ANTIGA&nbsp;advierte que no podr\u00e1 modificar posteriormente las facturas de ventas en cumplimiento de la normativa vigente. (Real Decreto 1496\/2003 sobre normas de Facturaci\u00f3n, modificado por Real Decreto 87\/2005). La factura se emitir\u00e1 a nombre de la persona f\u00edsica o empresa que realiza el pedido, por lo que el cliente debe asegurarse de realizar el pedido al nombre correcto. No ser\u00e1n posibles cambios posteriores.<\/p>\n\n\n\n<p><strong>4. Moneda e impuestos<\/strong><\/p>\n\n\n\n<p>Los precios en esta p\u00e1gina web se muestran en \u20acuros.<\/p>\n\n\n\n<p>Cumplimentada la orden de compra, y antes de realizar el pago, se facilitar\u00e1 un resumen final identificando el\/los art\u00edculo\/s adquirido\/s y su precio total (incluyendo transporte e impuestos).<\/p>\n\n\n\n<p>De acuerdo con la legislaci\u00f3n vigente,&nbsp;CERVEZAS ANTIGA&nbsp;utiliza&nbsp;est\u00e1 obligado a repercutir IVA al tipo legalmente establecido en su momento, seg\u00fan proceda.<\/p>\n\n\n\n<p>El precio y dem\u00e1s condiciones y caracter\u00edsticas de cada producto son las que aparecen en la p\u00e1gina web en el momento de realizar su solicitud de compra, salvo error manifiesto. En caso de error manifiesto sobre el precio o cualquier otra caracter\u00edstica de un producto, se le comunicar\u00e1 dicha circunstancia, no estando obligados a tramitar dicha compra.<\/p>\n\n\n\n<p><strong>5. Garant\u00edas de compra<\/strong><\/p>\n\n\n\n<p>Todos los productos perecederos de&nbsp;CERVEZAS ANTIGA&nbsp;est\u00e1n registrados en el Registro General Sanitario de Empresas Alimentarias y Alimentos (RGSEAA)&nbsp;de la Agencia Espa\u00f1ola de Consumo, Seguridad Alimentaria y Nutrici\u00f3n:30.013383\/V<\/p>\n\n\n\n<p><strong>DERECHO DE DESISTIMIENTO<\/strong><\/p>\n\n\n\n<p>Los alimentos que se ofertan son perecederos, es decir, que pueden caducar o deteriorarse en un corto per\u00edodo de tiempo. Este tipo de suministro de bienes queda exento de devoluci\u00f3n, seg\u00fan el inciso d) del art\u00edculo 103 de la Ley 3\/2014, de 27 de marzo.<\/p>\n\n\n\n<p>De todos modos, se ofrece al USUARIO la posibilidad de reclamar los posibles vicios o defectos que presente el pedido en un plazo de 24 horas desde la entrega, tanto en modo en l\u00ednea como fuera de l\u00ednea, y, si se considera, realizar la devoluci\u00f3n.<\/p>\n\n\n\n<p>Toda devoluci\u00f3n deber\u00e1 comunicarse al PRESTADOR, por correo electr\u00f3nico a info@cervezasantiga.com, indicando el n\u00famero de factura o pedido correspondiente. Una vez el USUARIO haya recibido el n\u00famero de devoluci\u00f3n, har\u00e1 llegar el producto al PRESTADOR, indicando este n\u00famero en la&nbsp;carta de env\u00edo, con los gastos de transporte a su cargo, en el domicilio de ANTIGA BREWING COMPANY, S.L, Cam\u00ed Vell de Russafa, 100. Pol. Ind. El Bony , 46470 CATARROJA (VAL\u00c8NCIA)<\/p>\n\n\n\n<p>Analizado el caso, si el PRESTADOR considera que el producto no cumpl\u00eda las condiciones de venta, en un plazo de 48 horas informar\u00e1 al USUARIO del importe&nbsp;y condiciones de su reembolso.<\/p>\n\n\n\n<p><strong>RECLAMACIONES Y RESOLUCI\u00d3N DE LITIGIOS EN L\u00cdNEA<\/strong><\/p>\n\n\n\n<p>Cualquier reclamaci\u00f3n que el USUARIO considere oportuna ser\u00e1 atendida a la mayor brevedad posible, pudi\u00e9ndose realizar en las siguientes direcciones de contacto:<br>Postal: ANTIGA BREWING COMPANY, S.L, Cam\u00ed Vell de Russafa, 100. Pol. Ind. El Bony , 46470 CATARROJA (VAL\u00c8NCIA)<br>Tel\u00e9fono: 960727518<br>E-mail: info@cervezasantiga.com<\/p>\n\n\n\n<p><strong>Resoluci\u00f3n de litigios en l\u00ednea (<em>Online Dispute Resolution<\/em>)<\/strong><\/p>\n\n\n\n<p>Conforme al Art. 14.1 del Reglamento (UE) 524\/2013, la Comisi\u00f3n Europea facilita una plataforma de acceso gratuito para la resoluci\u00f3n de conflictos online entre el USUARIO y el PRESTADOR, sin necesidad de recurrir a los tribunales de justicia, mediante la intervenci\u00f3n de un tercero, llamado Organismo de resoluci\u00f3n de litigios, que act\u00faa de intermediario entre ambos. Este organismo es neutral y dialogar\u00e1 con ambas partes para lograr un acuerdo, pudiendo finalmente sugerir y\/o imponer una soluci\u00f3n al conflicto.<\/p>\n\n\n\n<p>Enlace a la plataforma ODR:&nbsp;<a href=\"http:\/\/ec.europa.eu\/consumers\/odr\/\" target=\"_blank\" rel=\"noreferrer noopener\">http:\/\/ec.europa.eu\/consumers\/odr\/<\/a><\/p>\n\n\n\n<p><strong>FUERZA MAYOR<\/strong><\/p>\n\n\n\n<p>Las partes no incurrir\u00e1n en responsabilidad ante cualquier falta debida a causa mayor. El cumplimiento de la obligaci\u00f3n se demorar\u00e1 hasta el cese del caso de fuerza mayor.<\/p>\n\n\n\n<p><strong>6. Contacto<\/strong><\/p>\n\n\n\n<p>Para cualquier tipo de duda, consulta o sugerencia, puede enviarnos sus comentarios por correo postal al Dpto. Atenci\u00f3n Cliente sito en Cam\u00ed Vell de Russafa, 100. Pol. Ind. El Bony CP 46.470 CATARROJA (Valencia), por correo electr\u00f3nico:&nbsp;info@cervezasantiga.com, llam\u00e1ndonos al n\u00famero de tel\u00e9fono +34 960727518&nbsp;lunes a viernes 9:00h a 19:00h&nbsp;<\/p>\n\n\n\n<p><strong>7. Seguridad y confidencialidad de datos<\/strong><\/p>\n\n\n\n<p>En&nbsp;CERVEZAS ANTIGA&nbsp;valoramos la confianza que ha depositado en nosotros. Por este motivo, certificar la confidencialidad de sus datos constituye nuestro m\u00e1ximo compromiso. Las ideas, sugerencias o cualquier otra informaci\u00f3n que decida facilitarnos, ser\u00e1 utilizada exclusivamente para proporcionarle un mejor servicio, cumpliendo en todo momento lo recogido a continuaci\u00f3n en materia de protecci\u00f3n de datos de car\u00e1cter personal.<\/p>\n\n\n\n<p>CERVEZAS ANTIGA&nbsp;garantiza la seguridad y confidencialidad en todas sus comunicaciones con sus clientes. Todas las operaciones de pago on-line se realizan a trav\u00e9s de un servidor seguro, basado en el est\u00e1ndar SSL que protege los datos frente a intentos de violaci\u00f3n por terceros.<\/p>\n\n\n\n<p>Puede ver el tratamiento que hacemos de sus datos consultando nuestra Pol\u00edtica de Privacidad en el pie de p\u00e1gina de esta web.<\/p>\n\n\n\n<p><strong>8. Registro<\/strong><\/p>\n\n\n\n<p>Para efectuar un pedido en&nbsp;CERVEZAS ANTIGA&nbsp;los usuarios podr\u00e1n registrarse. La informaci\u00f3n facilitada se guardar\u00e1 en la base de datos de&nbsp;CERVEZAS ANTIGA&nbsp;con el objetivo de realizar con mayor facilidad y rapidez sus pr\u00f3ximas compras, y dem\u00e1s fines recogidos en el apartado \u201cPol\u00edtica de Privacidad\u201d y en el \u201cAviso Legal\u201d<\/p>\n\n\n\n<p><strong>9. Disponibilidad de los productos<\/strong><\/p>\n\n\n\n<p>Los pedidos de productos est\u00e1n sujetos a la disponibilidad de los mismos. En este sentido, si se producen dificultades de suministro de productos o si no quedan art\u00edculos en stock, nos reservamos el derecho de facilitarle informaci\u00f3n acerca de productos sustitutivos de calidad y valor igual o superior que usted podr\u00e1 encargar. Si no desea hacer un pedido de esos productos sustitutivos, le reembolsaremos cualquier cantidad que pudiera usted haber abonado. En caso de falta de stock&nbsp;CERVEZAS ANTIGA&nbsp;se reserva el derecho de cancelar dicho pedido informando al cliente de la anulaci\u00f3n.<\/p>\n\n\n\n<p>Nos reservamos el derecho a retirar, introducir y modificar en cualquier momento los art\u00edculos expuestos a la venta en nuestra p\u00e1gina web.<\/p>\n\n\n\n<p><strong>10. Propiedad de la website<\/strong><\/p>\n\n\n\n<p>Los elementos de esta web han sido dise\u00f1ados para la venta de los productos identificados con las marcas&nbsp;CERVEZAS ANTIGA&nbsp;y sus derivados. Su copia o utilizaci\u00f3n no implica la transferencia de ning\u00fan derecho sobre los mismos. Por tanto, queda expresamente prohibida la reproducci\u00f3n, publicaci\u00f3n, transmisi\u00f3n, modificaci\u00f3n o la distribuci\u00f3n por cualquier medio de las unidades configuradoras (software incluido) de este sitio web.<\/p>\n\n\n\n<p>Las fotograf\u00edas, im\u00e1genes, ilustraciones, dise\u00f1os, gr\u00e1ficos, iconos y cualquier otro elemento que forme parte de la web son propiedad exclusiva de&nbsp;CERVEZAS ANTIGA.<\/p>\n\n\n\n<p><strong>11. Cobertura de la oferta.<\/strong><\/p>\n\n\n\n<p>Los art\u00edculos de la tienda de&nbsp;CERVEZAS ANTIGA&nbsp;se distribuyen s\u00f3lo a Espa\u00f1a. Las personas f\u00edsicas que no residan en&nbsp;Espa\u00f1a, s\u00f3lo podr\u00e1n efectuar el servicio de compra online si la direcci\u00f3n de env\u00edo del pedido se halla en&nbsp;Espa\u00f1a.<\/p>\n\n\n\n<p><strong>13. Legislaci\u00f3n aplicable. Sumisi\u00f3n a fueros.<\/strong><\/p>\n\n\n\n<p>Las compraventas realizadas en&nbsp;<a href=\"https:\/\/cervezasantiga.com\/inicio\">https:\/\/cervezasantiga.com\/inicio<\/a> se someten a la legislaci\u00f3n espa\u00f1ola. En el supuesto de que surja cualquier conflicto o discrepancia en la interpretaci\u00f3n o aplicaci\u00f3n de las presentes condiciones contractuales, los Juzgados y Tribunales que, en su caso, conocer\u00e1n del asunto, ser\u00e1n los de Valencia, renunciando el cliente a cualquier otro fuero.<\/p>\n\n\n\n<p>En el caso de que la parte compradora tenga su domicilio fuera de Espa\u00f1a, o que se trate de una compraventa realizada por una empresa que act\u00fae en el marco de su actividad empresarial o profesional y \/ o particular, ambas partes se someten, con renuncia expresa a cualquier otro fuero, a los Juzgados y Tribunales de VALENCIA&nbsp;(Espa\u00f1a).<\/p>\n\n\n\n<p>Revisi\u00f3n de T\u00e9rminos y Condiciones actualizada en&nbsp;Febrero de 2024<\/p>\n","protected":false},"excerpt":{"rendered":"<p>T\u00e9rminos y Condiciones Las condiciones de compra (en adelante las Condiciones) expuestas a continuaci\u00f3n regulan la venta de los productos del sitio web \u201chttps:\/\/cervezasantiga.com\/inicio\u201d o tienda online presentado por ANTIGA BREWING COMPANY, S.L, (en adelante, CERVEZAS ANTIGA), con domicilio social en Cam\u00ed Vell de Russafa, 100. Pol. Ind. el Bony CP 46.470 CATARROJA (Valencia) y [&#8230;]\n","protected":false},"author":1,"featured_media":0,"parent":0,"menu_order":0,"comment_status":"closed","ping_status":"closed","template":"","meta":{"om_disable_all_campaigns":false,"footnotes":""},"class_list":["post-1090","page","type-page","status-publish","hentry"],"aioseo_notices":[],"_links":{"self":[{"href":"https:\/\/cervezasantiga.com\/inicio\/wp-json\/wp\/v2\/pages\/1090","targetHints":{"allow":["GET"]}}],"collection":[{"href":"https:\/\/cervezasantiga.com\/inicio\/wp-json\/wp\/v2\/pages"}],"about":[{"href":"https:\/\/cervezasantiga.com\/inicio\/wp-json\/wp\/v2\/types\/page"}],"author":[{"embeddable":true,"href":"https:\/\/cervezasantiga.com\/inicio\/wp-json\/wp\/v2\/users\/1"}],"replies":[{"embeddable":true,"href":"https:\/\/cervezasantiga.com\/inicio\/wp-json\/wp\/v2\/comments?post=1090"}],"version-history":[{"count":10,"href":"https:\/\/cervezasantiga.com\/inicio\/wp-json\/wp\/v2\/pages\/1090\/revisions"}],"predecessor-version":[{"id":9380,"href":"https:\/\/cervezasantiga.com\/inicio\/wp-json\/wp\/v2\/pages\/1090\/revisions\/9380"}],"wp:attachment":[{"href":"https:\/\/cervezasantiga.com\/inicio\/wp-json\/wp\/v2\/media?parent=1090"}],"curies":[{"name":"wp","href":"https:\/\/api.w.org\/{rel}","templated":true}]}}