{"id":2990,"date":"2020-07-21T09:00:59","date_gmt":"2020-07-21T09:00:59","guid":{"rendered":"https:\/\/cervezasantiga.com\/inicio\/?page_id=2990"},"modified":"2024-07-20T17:00:50","modified_gmt":"2024-07-20T17:00:50","slug":"aviso-legal-y-condiciones-de-uso-2","status":"publish","type":"page","link":"https:\/\/cervezasantiga.com\/inicio\/aviso-legal-y-condiciones-de-uso-2\/","title":{"rendered":"AVISO LEGAL Y CONDICIONES DE USO"},"content":{"rendered":"\n<p><strong>AVISO LEGAL Y CONDICIONES DE USO<\/strong><\/p>\n\n\n\n<p>LEY DE LOS SERVICIOS DE LA SOCIEDAD DE LA INFORMACI\u00d3N (LSSI)<\/p>\n\n\n\n<p>o. <strong>OBJETO<\/strong><\/p>\n\n\n\n<p>Las presentes Condiciones Generales de Uso y Pol\u00edtica de Privacidad (en adelante, las \u00abCondiciones Generales\u00bb) regulan el uso del sitio web https:\/\/cervezasantiga.com &nbsp;&nbsp;(en adelante, el Sitio Web) que ANTIGA BREWING COMPANY,S.L (en adelante \u00abCERVEZAS ANTIGA \u00ab), pone a disposici\u00f3n de las personas que accedan a su Sitio Web con el fin de proporcionales informaci\u00f3n sobre productos y servicios, propios y\/o de terceros colaboradores, y facilitarles el acceso a los mismos (todo ello denominado conjuntamente los \u00abServicios\u00bb).<\/p>\n\n\n\n<p>Por la propia naturaleza del Sitio Web, as\u00ed como de su contenido y finalidad, la pr\u00e1ctica totalidad de la navegaci\u00f3n que se puede llevar a cabo por el mismo ha de hacerse gozando de la condici\u00f3n de Usuario NO Registrado. En el caso de querer realizar cualquier pedido, ser\u00e1 necesario que el usuario se registre en la web, momento en el cual se adquiere seg\u00fan los procedimientos recogidos en la misma. Por lo tanto, la citada condici\u00f3n de Usuario Registrado, supone la adhesi\u00f3n a las Condiciones Generales en la versi\u00f3n publicada en el momento en que se acceda al Sitio Web y acepta los t\u00e9rminos y condiciones de venta que detallamos en la web. CERVEZAS ANTIGA se reserva el derecho de modificar, en cualquier momento, la presentaci\u00f3n y configuraci\u00f3n del Sitio Web, as\u00ed como las presentes Condiciones Generales. Por ello, CERVEZAS ANTIGA recomienda al Usuario leer el mismo atentamente cada vez que acceda al Sitio Web.<br>En cualquier caso, existen p\u00e1ginas del Sitio Web accesibles al p\u00fablico en general, respecto a las cuales CERVEZAS ANTIGA tambi\u00e9n desea cumplir con sus obligaciones legales, as\u00ed como regular el uso de las mismas. En este sentido, los usuarios que accedan a estas partes del Sitio Web aceptan quedar sometidos, por el hecho de acceder a las citadas p\u00e1ginas, por los t\u00e9rminos y condiciones recogidos en estas Condiciones Generales, en la medida que ello les pueda ser de aplicaci\u00f3n.<\/p>\n\n\n\n<p>ANTIGA BREWING COMPANY, S.L, responsable del sitio web, (en adelante <strong>CERVEZAS ANTIGA<\/strong>), pone a disposici\u00f3n de los usuarios el presente documento, con el que pretende dar cumplimiento a las obligaciones dispuestas en la Ley 34\/2002, de 11 de julio, de Servicios de la Sociedad de la Informaci\u00f3n y de Comercio Electr\u00f3nico (LSSICE), BOE N \u00ba 166, as\u00ed como informar a todos los usuarios del sitio web respecto a cu\u00e1les son las condiciones de uso.<\/p>\n\n\n\n<p>Toda persona que acceda a este sitio web asume el papel de usuario, comprometi\u00e9ndose a la observancia y cumplimiento riguroso de las disposiciones aqu\u00ed dispuestas, as\u00ed como a cualquier otra disposici\u00f3n legal que fuera de aplicaci\u00f3n.<\/p>\n\n\n\n<p>CERVEZAS ANTIGA se reserva el derecho de modificar cualquier tipo de informaci\u00f3n que pudiera aparecer en el sitio web, sin que exista obligaci\u00f3n de preavisar o poner en conocimiento de los usuarios dichas obligaciones, entendi\u00e9ndose como suficiente con la publicaci\u00f3n en el sitio web de CERVEZAS ANTIGA<\/p>\n\n\n\n<p>Queda totalmente prohibido el acceso a esta web a los menores de 18 a\u00f1os.<\/p>\n\n\n\n<p>I. <strong>ACCESO Y SEGURIDAD<\/strong><\/p>\n\n\n\n<p>El acceso a los Servicios no requiere el registro previo de los usuarios, siendo considerado el usuario como Usuario No Registrado (Contacto web). Aunque el registro en la web es voluntario, s\u00f3lo se pedir\u00e1 que se registre el usuario en el momento de la compra. En ese momento el usuario pasar\u00e1 a ser considerado CLIENTE.<\/p>\n\n\n\n<p>II. <strong>UTILIZACI\u00d3N CORRECTA DE LOS SERVICIOS<\/strong><\/p>\n\n\n\n<p>El Usuario se obliga a usar los Servicios de forma diligente, correcta y l\u00edcita y, en particular, a t\u00edtulo meramente enunciativo y no limitativo, se compromete a abstenerse de:(a) utilizar los Servicios de forma, con fines o efectos contrarios a la ley, a la moral y a las buenas costumbres generalmente aceptadas o al orden p\u00fablico;<\/p>\n\n\n\n<p>(b) reproducir o copiar, distribuir, permitir el acceso del p\u00fablico a trav\u00e9s de cualquier modalidad de comunicaci\u00f3n p\u00fablica, transformar o modificar los Servicios, a menos que se cuente con la autorizaci\u00f3n del titular de los correspondientes derechos o ello resulte legalmente permitido;<\/p>\n\n\n\n<p>(c) realizar cualquier acto que pueda ser considerado una vulneraci\u00f3n de cualesquiera derechos de propiedad intelectual o industrial pertenecientes a CERVEZAS ANTIGA o a terceros;<\/p>\n\n\n\n<p>(d) emplear los Servicios y, en particular, la informaci\u00f3n de cualquier clase obtenida a trav\u00e9s del Sitio Web para remitir publicidad, comunicaciones con fines de venta directa o con cualquier otra clase de finalidad comercial, mensajes no solicitados dirigidos a una pluralidad de personas con independencia de su finalidad, as\u00ed como de comercializar o divulgar de cualquier modo dicha informaci\u00f3n;<\/p>\n\n\n\n<p>El Usuario responder\u00e1 de los da\u00f1os y perjuicios de toda naturaleza que CERVEZAS ANTIGA pueda sufrir, con ocasi\u00f3n o como consecuencia del incumplimiento de cualquiera de las obligaciones anteriormente expuestas as\u00ed como cualesquiera otras incluidas en las presentes Condiciones Generales y\/o las impuestas por la Ley en relaci\u00f3n con la utilizaci\u00f3n del Sitio Web.<\/p>\n\n\n\n<p>CERVEZAS ANTIGA velar\u00e1 en todo momento por el respeto del ordenamiento jur\u00eddico vigente, y estar\u00e1 legitimada para interrumpir, a su entera discreci\u00f3n, el Servicio o excluir al Usuario del Sitio Web en caso de presunta comisi\u00f3n, completa o incompleta, de alguno de los delitos o faltas tipificados por el C\u00f3digo Penal vigente, o en caso de observar cualesquiera conductas que a juicio de CERVEZAS ANTIGA resulten contrarias a estas Condiciones Generales, las Condiciones Generales de Contrataci\u00f3n que operan para este Sitio Web, la Ley, las normas establecidas por CERVEZAS ANTIGA o sus colaboradores o puedan perturbar el buen funcionamiento, imagen, credibilidad y\/o prestigio de CERVEZAS ANTIGA o sus colaboradores.<\/p>\n\n\n\n<p><strong>1. DATOS IDENTIFICATIVOS<\/strong><\/p>\n\n\n\n<p>Nombre de dominio: <a href=\"http:\/\/www.cervezasantiga.com\">www.cervezasantiga.com<\/a><\/p>\n\n\n\n<p>Nombre comercial: CERVEZAS ANTIGA<\/p>\n\n\n\n<p>Denominaci\u00f3n social: ANTIGA BREWING COMPANY, S.L.<\/p>\n\n\n\n<p>NIF: B40547598<\/p>\n\n\n\n<p>Domicilio social: CAM\u00cd VELL DE RUSSAFA, 100. POL. IND. EL BONY CP 46.470 CATARROJA (VALENCIA)<\/p>\n\n\n\n<p>Tel\u00e9fono: 96 072 75 18<\/p>\n\n\n\n<p>e-mail: <a href=\"mailto:info@cervezasantiga.com\">info@cervezasantiga.com<\/a><\/p>\n\n\n\n<p>Inscrita en el Registro (Mercantil \/ P\u00fablico): Registro Mercantil de VALENCIA T 10600, L 7881, F 122, S 8, H V 185414, I\/A 1 ( 8.01.19).<\/p>\n\n\n\n<p><strong>2. DERECHOS DE PROPIEDAD INTELECTUAL E INDUSTRIAL<\/strong><\/p>\n\n\n\n<p>El sitio web, incluyendo a t\u00edtulo enunciativo pero no limitativo su programaci\u00f3n, edici\u00f3n, compilaci\u00f3n y dem\u00e1s elementos necesarios para su funcionamiento, los dise\u00f1os, logotipos, texto y\/o gr\u00e1ficos, son propiedad del RESPONSABLE o, si es el caso, dispone de licencia o autorizaci\u00f3n expresa por parte de los autores. Todos los contenidos del sitio web se encuentran debidamente protegidos por la normativa de propiedad intelectual e industrial, as\u00ed como inscritos en los registros p\u00fablicos correspondientes.<\/p>\n\n\n\n<p>Independientemente de la finalidad para la que fueran destinados, la reproducci\u00f3n total o parcial, uso, explotaci\u00f3n, distribuci\u00f3n y comercializaci\u00f3n, requiere en todo caso de la autorizaci\u00f3n escrita previa por parte del RESPONSABLE. Cualquier uso no autorizado previamente se considera un incumplimiento grave de los derechos de propiedad intelectual o industrial del autor.<\/p>\n\n\n\n<p>Los dise\u00f1os, logotipos, texto y\/o gr\u00e1ficos ajenos al RESPONSABLE y que pudieran aparecer en el sitio web, pertenecen a sus respectivos propietarios, siendo ellos mismos responsables de cualquier posible controversia que pudiera suscitarse respecto a los mismos. El RESPONSABLE autoriza expresamente a que terceros puedan redirigir directamente a los contenidos concretos del sitio web, y en todo caso redirigir al sitio web principal de www.cervezasantiga.com<\/p>\n\n\n\n<p>El RESPONSABLE reconoce a favor de sus titulares los correspondientes derechos de propiedad&nbsp; intelectual e industrial, no implicando su sola menci\u00f3n o aparici\u00f3n en el sitio web la existencia de derechos o responsabilidad alguna sobre los mismos, como tampoco respaldo, patrocinio o recomendaci\u00f3n por parte del mismo.<\/p>\n\n\n\n<p>Para realizar cualquier tipo de observaci\u00f3n respecto a posibles incumplimientos de los derechos de propiedad intelectual o industrial, as\u00ed como sobre cualquiera de los contenidos del sitio web, puede hacerlo a trav\u00e9s del correo electr\u00f3nico <a href=\"mailto:info@cervezasantiga.com\">info@cervezasantiga.com<\/a>. <\/p>\n\n\n\n<p><strong>3. EXENCI\u00d3N DE RESPONSABILIDADES<\/strong><\/p>\n\n\n\n<p>El RESPONSABLE se exime de cualquier tipo de responsabilidad derivada de la informaci\u00f3n publicada en su sitio web siempre que esta informaci\u00f3n haya sido manipulada o introducida por un tercero ajeno al mismo.<\/p>\n\n\n\n<p><strong>3.1 Uso de Cookies<\/strong><\/p>\n\n\n\n<p>Este sitio web puede utilizar cookies t\u00e9cnicas (peque\u00f1os archivos de informaci\u00f3n que el servidor env\u00eda al ordenador de quien accede a la p\u00e1gina) para llevar a cabo determinadas funciones que son consideradas imprescindibles para el correcto funcionamiento y visualizaci\u00f3n del sitio. Las cookies utilizadas tienen, en todo caso, car\u00e1cter temporal, con la \u00fanica finalidad de hacer m\u00e1s eficaz la navegaci\u00f3n, y desaparecen al terminar la sesi\u00f3n del usuario. En ning\u00fan caso, estas cookies proporcionan por s\u00ed mismas datos de car\u00e1cter personal y no se utilizar\u00e1n para la recogida de los mismos.<\/p>\n\n\n\n<p>Mediante el uso de cookies tambi\u00e9n es posible que el servidor donde se encuentra la web reconozca el navegador utilizado por el usuario con la finalidad de que la navegaci\u00f3n sea m\u00e1s sencilla, permitiendo, por ejemplo, el acceso de los usuarios que se hayan registrado previamente a las \u00e1reas, servicios, promociones o concursos reservados exclusivamente a ellos sin tener que registrarse en cada visita.<\/p>\n\n\n\n<p>Tambi\u00e9n se pueden utilizar para medir la audiencia, par\u00e1metros de tr\u00e1fico, controlar el progreso y n\u00famero de entradas, etc, siendo en estos casos cookies prescindibles t\u00e9cnicamente pero beneficiosas para el usuario. Este sitio web no instalar\u00e1 cookies prescindibles sin el consentimiento previo del usuario.<\/p>\n\n\n\n<p>Este sitio web utiliza cookies anal\u00edticas (_ga o _utm) propiedad de Google Analytics, persistentes durante 2 a\u00f1os, mejorar nuestros servicios mediante el an\u00e1lisis de sus h\u00e1bitos de navegaci\u00f3n. A todo usuario que visita la web se le informa del uso de esta cookie mediante un baner flotante solicit\u00e1ndole el consentimiento para su instalaci\u00f3n. En el caso de aceptar su uso el banner desaparecer\u00e1, aunque en todo momento podr\u00e1 revocar el consentimiento y obtener m\u00e1s informaci\u00f3n consultando nuestra <strong>Pol\u00edtica de cookies.<\/strong><\/p>\n\n\n\n<p>El usuario tiene la posibilidad de configurar su navegador para ser alertado de la recepci\u00f3n de cookies y para impedir su instalaci\u00f3n en su equipo. Por favor, consulte las instrucciones de su navegador para ampliar esta informaci\u00f3n.<\/p>\n\n\n\n<p><strong>3.2 Pol\u00edtica de enlaces<\/strong><\/p>\n\n\n\n<p>Desde el sitio web, es posible que se redirija a contenidos de terceros sitios web. Dado que el RESPONSABLE no puede controlar siempre los contenidos introducidos por los terceros en sus respectivos sitios web, no asume ning\u00fan tipo de responsabilidad respecto a dichos contenidos. En todo caso, proceder\u00e1 a la retirada inmediata de cualquier contenido que pudiera contravenir la legislaci\u00f3n nacional o internacional, la moral o el orden p\u00fablico, procediendo a la retirada inmediata de la redirecci\u00f3n a dicho sitio web, poniendo en conocimiento de las autoridades competentes el contenido en cuesti\u00f3n.<\/p>\n\n\n\n<p>El RESPONSABLE no se hace responsable de la informaci\u00f3n y contenidos almacenados, a t\u00edtulo enunciativo pero no limitativo, en foros, chats, generadores de blogs, comentarios, redes sociales o cualquier otro medio que permita a terceros publicar contenidos de forma independiente en la p\u00e1gina web del RESPONSABLE. Sin embargo, y en cumplimiento de lo dispuesto en los art\u00edculos 11 y 16 de la LSSICE, se pone a disposici\u00f3n de todos los usuarios, autoridades y fuerzas de seguridad, colaborando de forma activa en la retirada o, en su caso, bloqueo de todos aquellos contenidos que puedan afectar o contravenir la legislaci\u00f3n nacional o internacional, los derechos de terceros o la moral y el orden p\u00fablico. En caso de que el usuario considere que existe en el sitio web alg\u00fan contenido que pudiera ser susceptible de esta clasificaci\u00f3n, se ruega lo notifique de forma inmediata al administrador ANTIGA BREWING COMPANY, S.L del sitio web.<\/p>\n\n\n\n<p>Este sitio web ha sido revisado y probado para que funcione correctamente. En principio, puede garantizarse el correcto funcionamiento los 365 d\u00edas del a\u00f1o, 24 horas al d\u00eda. Sin embargo, el RESPONSABLE no descarta la posibilidad de que existan ciertos errores de programaci\u00f3n, o que acontezcan causas de fuerza mayor, cat\u00e1strofes naturales, huelgas o circunstancias semejantes que hagan imposible el acceso a la p\u00e1gina web.<\/p>\n\n\n\n<p><strong>3.3 Direcciones IP<\/strong><\/p>\n\n\n\n<p>Los servidores del sitio web podr\u00e1n detectar de manera autom\u00e1tica la direcci\u00f3n IP y el nombre de dominio utilizados por el usuario. Una direcci\u00f3n IP es un n\u00famero asignado autom\u00e1ticamente a un ordenador cuando \u00e9ste se conecta a Internet. Toda esta informaci\u00f3n es registrada en un fichero de actividad del servidor debidamente inscrito que permite el posterior procesamiento de los datos con el fin de obtener mediciones \u00fanicamente estad\u00edsticas que permitan conocer el n\u00famero de impresiones de p\u00e1ginas, el n\u00famero de visitas realizadas a los servidores web, el orden de visitas, el punto de acceso, etc.<\/p>\n\n\n\n<p><strong>4. LEY APLICABLE Y JURISDICCI\u00d3N<\/strong><\/p>\n\n\n\n<p>Para la resoluci\u00f3n de todas las controversias o cuestiones relacionadas con el presente sitio web o de las actividades en \u00e9l desarrolladas, ser\u00e1 de aplicaci\u00f3n la legislaci\u00f3n espa\u00f1ola, a la que se someten expresamente las partes, siendo competentes para la resoluci\u00f3n de todos los conflictos derivados o relacionados con su uso los Juzgados y Tribunales m\u00e1s cercanos a VALENCIA.<\/p>\n\n\n\n<p class=\"has-text-align-right\">Pol\u00edtica revisada en Febrero de 2.024<\/p>\n","protected":false},"excerpt":{"rendered":"<p>AVISO LEGAL Y CONDICIONES DE USO LEY DE LOS SERVICIOS DE LA SOCIEDAD DE LA INFORMACI\u00d3N (LSSI) o. OBJETO Las presentes Condiciones Generales de Uso y Pol\u00edtica de Privacidad (en adelante, las \u00abCondiciones Generales\u00bb) regulan el uso del sitio web https:\/\/cervezasantiga.com &nbsp;&nbsp;(en adelante, el Sitio Web) que ANTIGA BREWING COMPANY,S.L (en adelante \u00abCERVEZAS ANTIGA \u00ab), [&#8230;]\n","protected":false},"author":1,"featured_media":0,"parent":0,"menu_order":0,"comment_status":"closed","ping_status":"closed","template":"","meta":{"om_disable_all_campaigns":false,"footnotes":""},"class_list":["post-2990","page","type-page","status-publish","hentry"],"aioseo_notices":[],"_links":{"self":[{"href":"https:\/\/cervezasantiga.com\/inicio\/wp-json\/wp\/v2\/pages\/2990","targetHints":{"allow":["GET"]}}],"collection":[{"href":"https:\/\/cervezasantiga.com\/inicio\/wp-json\/wp\/v2\/pages"}],"about":[{"href":"https:\/\/cervezasantiga.com\/inicio\/wp-json\/wp\/v2\/types\/page"}],"author":[{"embeddable":true,"href":"https:\/\/cervezasantiga.com\/inicio\/wp-json\/wp\/v2\/users\/1"}],"replies":[{"embeddable":true,"href":"https:\/\/cervezasantiga.com\/inicio\/wp-json\/wp\/v2\/comments?post=2990"}],"version-history":[{"count":5,"href":"https:\/\/cervezasantiga.com\/inicio\/wp-json\/wp\/v2\/pages\/2990\/revisions"}],"predecessor-version":[{"id":9321,"href":"https:\/\/cervezasantiga.com\/inicio\/wp-json\/wp\/v2\/pages\/2990\/revisions\/9321"}],"wp:attachment":[{"href":"https:\/\/cervezasantiga.com\/inicio\/wp-json\/wp\/v2\/media?parent=2990"}],"curies":[{"name":"wp","href":"https:\/\/api.w.org\/{rel}","templated":true}]}}