{"id":5410,"date":"2021-03-03T10:37:47","date_gmt":"2021-03-03T10:37:47","guid":{"rendered":"https:\/\/cervezasantiga.com\/inicio\/?page_id=5410"},"modified":"2024-07-20T17:27:35","modified_gmt":"2024-07-20T17:27:35","slug":"politica-de-privacidad-3","status":"publish","type":"page","link":"https:\/\/cervezasantiga.com\/inicio\/politica-de-privacidad-3\/","title":{"rendered":"POL\u00cdTICA DE PRIVACIDAD"},"content":{"rendered":"\n<h1 class=\"wp-block-heading\">POL\u00cdTICA DE PRIVACIDAD<\/h1>\n\n\n\n<ol class=\"wp-block-list\">\n<li><strong><\/strong><strong>INFORMACI\u00d3N AL USUARIO<\/strong><\/li>\n<\/ol>\n\n\n\n<h2 class=\"wp-block-heading\">\u00bfQui\u00e9n es el responsable del tratamiento de tus datos personales?<\/h2>\n\n\n\n<p><strong>ANTIGA BREWING COMPANY, S.L <\/strong>es el RESPONSABLE del tratamiento de los datos personales del USUARIO y le informa de que estos datos ser\u00e1n tratados de conformidad con lo dispuesto en el Reglamento (UE) 2016\/679, de 27 de abril (GDPR), y la Ley Org\u00e1nica 3\/2018, de 5 de diciembre (LOPDGDD).<\/p>\n\n\n\n<h2 class=\"wp-block-heading\">\u00bfPara qu\u00e9 tratamos tus datos personales y por qu\u00e9 lo hacemos?<\/h2>\n\n\n\n<p>Seg\u00fan el formulario donde hayamos obtenido sus datos personales, los trataremos de manera confidencial para alcanzar los siguientes fines:<\/p>\n\n\n\n<p>En el formulario <strong>E-commerce<\/strong><\/p>\n\n\n\n<p><img decoding=\"async\" width=\"6\" height=\"5\" src=\"\">Gestionar su compra o pedido online, procesar el pago y proceder al env\u00edo o activaci\u00f3n del mismo, en base a las condiciones generales de contrataci\u00f3n. (<em>para la ejecuci\u00f3n de un contrato o precontrato, 6.1.b GDPR<\/em>) Gestionar, mantener, mejorar o desarrollar los servicios prestados. (<em>para la ejecuci\u00f3n de un contrato o precontrato, 6.1.b GDPR<\/em>) Realizar encuestas de satisfacci\u00f3n y calidad. (<em>por el inter\u00e9s leg\u00edtimo del responsable, art. 6.1.f GDPR<\/em>).<\/p>\n\n\n\n<p>En el formulario <strong>E-commerce<\/strong><\/p>\n\n\n\n<p><img decoding=\"async\" width=\"6\" height=\"5\" src=\"\">Gestionar su compra o pedido online, procesar el pago y proceder al env\u00edo o activaci\u00f3n del mismo, en base a las condiciones generales de contrataci\u00f3n.<\/p>\n\n\n\n<p>En el formulario <strong>Registro Usuario &#8211; <a href=\"https:\/\/cervezasantiga.com\/inicio\/mi-cuenta\/\">Mi cuenta<\/a><\/strong><\/p>\n\n\n\n<p>Gestionar la cuenta del usuario para proporcionarle un acceso personalizado a la p\u00e1gina web y a los<br>servicios interactivos que ofrece. (por el consentimiento del interesado, 6.1.a GDPR)<\/p>\n\n\n\n<p>Si nos env\u00eda un <strong>Curr\u00edculum<\/strong><\/p>\n\n\n\n<p><img decoding=\"async\" width=\"6\" height=\"5\" src=\"\">Hacer part\u00edcipe al interesado en los procesos de selecci\u00f3n de personal y analizar el perfil del solicitante<br>con el objetivo de seleccionar un candidato para el puesto vacante del responsable. (consentimiento inequ\u00edvoco mediante una clara acci\u00f3n manifiesta del interesado (GDPR, art. 6.1.a).<\/p>\n\n\n\n<h2 class=\"wp-block-heading\">\u00bfDurante cu\u00e1nto tiempo guardaremos tus datos personales?<\/h2>\n\n\n\n<p>Se conservar\u00e1n durante no m\u00e1s tiempo del necesario para mantener el fin del tratamiento o existan prescripciones legales que dictaminen su custodia y cuando ya no sea necesario para ello, se suprimir\u00e1n con medidas de seguridad adecuadas para garantizar la anonimizaci\u00f3n de los datos o la destrucci\u00f3n total de los mismos.<\/p>\n\n\n\n<p>Para los Curr\u00edculums, se conservar\u00e1n durante un plazo m\u00e1ximo de un a\u00f1o, transcurrido el cual se proceder\u00e1 a la supresi\u00f3n de los datos garantiz\u00e1ndole un total respeto a la confidencialidad tanto en el tratamiento como en su posterior destrucci\u00f3n. En este sentido, transcurrido el citado plazo, y si desea continuar participando en los procesos de selecci\u00f3n del Responsable, le rogamos nos remita nuevamente su curr\u00edculum.<\/p>\n\n\n\n<h2 class=\"wp-block-heading\">\u00bfA qui\u00e9n facilitamos tus datos personales?<\/h2>\n\n\n\n<p>No est\u00e1 prevista ninguna comunicaci\u00f3n de datos personales a terceros salvo, si fuese necesario para el desarrollo y ejecuci\u00f3n de las finalidades del tratamiento, a nuestros proveedores de servicios relacionados con comunicaciones, con los cuales el RESPONSABLE tiene suscritos los contratos de confidencialidad y de encargado de tratamiento exigidos por la normativa vigente de privacidad.<\/p>\n\n\n\n<p>En el caso de la recepci\u00f3n de su curr\u00edculum, sus datos podr\u00e1n ser cedidos a las empresas de la marca ANTIGA y con la misma finalidad para la cual nos lo remiti\u00f3 con previo aviso al interesado.<\/p>\n\n\n\n<h2 class=\"wp-block-heading\">\u00bfCu\u00e1les son tus derechos?<\/h2>\n\n\n\n<p>Los derechos que asisten al USUARIO son:<\/p>\n\n\n\n<p><img decoding=\"async\" width=\"6\" height=\"6\" src=\"\">Derecho a retirar el consentimiento en cualquier momento.<\/p>\n\n\n\n<p><img decoding=\"async\" width=\"6\" height=\"6\" src=\"\">Derecho de acceso, rectificaci\u00f3n, portabilidad y supresi\u00f3n de sus datos, y de limitaci\u00f3n u oposici\u00f3n a su tratamiento.<\/p>\n\n\n\n<p><img decoding=\"async\" width=\"6\" height=\"6\" src=\"\">Derecho a presentar una reclamaci\u00f3n ante la autoridad de control (www.aepd.es) si considera que el tratamiento no se ajusta a la normativa vigente.<\/p>\n\n\n\n<h2 class=\"wp-block-heading\">Datos de contacto para ejercer sus derechos:<\/h2>\n\n\n\n<p>ANTIGA BREWING COMPANY, S.L. Cam\u00ed Vell de Russafa, 100. Pol. Ind. El Bony, &#8211; 46470 CATARROJA (Val\u00e8ncia). E- mail: <a href=\"mailto:info@cervezasantiga.com\">info@cervezasantiga.com<\/a><\/p>\n\n\n\n<h1 class=\"wp-block-heading\">2.&nbsp; CAR\u00c1CTER OBLIGATORIO O FACULTATIVO DE LA INFORMACI\u00d3N FACILITADA POR EL USUARIO<\/h1>\n\n\n\n<p>Los USUARIOS, mediante la marcaci\u00f3n de las casillas correspondientes y la entrada de datos en los campos, marcados con un asterisco (*) en el formulario de contacto o presentados en formularios de descarga, aceptan expresamente y de forma libre e inequ\u00edvoca, que sus datos son necesarios para atender su petici\u00f3n, por parte del prestador, siendo voluntaria la inclusi\u00f3n de datos en los campos restantes. El USUARIO garantiza que los datos personales facilitados al RESPONSABLE son veraces y se hace responsable de comunicar cualquier modificaci\u00f3n de los mismos.<\/p>\n\n\n\n<p>El RESPONSABLE informa de que todos los datos solicitados a trav\u00e9s del sitio web son obligatorios, ya que son necesarios para la prestaci\u00f3n de un servicio \u00f3ptimo al USUARIO. En caso de que no se faciliten todos los datos, no se garantiza que la informaci\u00f3n y servicios facilitados sean completamente ajustados a sus necesidades.<\/p>\n\n\n\n<h1 class=\"wp-block-heading\">3.&nbsp; MEDIDAS DE SEGURIDAD<\/h1>\n\n\n\n<p>Que de conformidad con lo dispuesto en las normativas vigentes en protecci\u00f3n de datos personales, el RESPONSABLE est\u00e1 cumpliendo con todas las disposiciones de las normativas GDPR y LOPDGDD para el tratamiento de los datos personales de su responsabilidad, y manifiestamente con los principios descritos en el art\u00edculo 5 del GDPR, por los cuales son tratados de manera l\u00edcita, leal y transparente en relaci\u00f3n con el interesado y adecuados, pertinentes y limitados a lo necesario en relaci\u00f3n con los fines para los que son tratados.<\/p>\n\n\n\n<p>El RESPONSABLE garantiza que ha implementado pol\u00edticas t\u00e9cnicas y organizativas apropiadas para aplicar las medidas de seguridad que establecen el GDPR y la LOPDGDD con el fin de proteger los derechos y libertades de los USUARIOS y les ha comunicado la informaci\u00f3n adecuada para que puedan ejercerlos.<\/p>\n\n\n\n<p>Para m\u00e1s informaci\u00f3n sobre las garant\u00edas de privacidad, puedes dirigirte al RESPONSABLE a trav\u00e9s de ANTIGA BREWING COMPANY, S.L. Cam\u00ed Vell de Russafa, 100. Pol. Ind. El Bony, &#8211; 46470 CATARROJA (Val\u00e8ncia). E-mail: <a href=\"mailto:info@cervezasantiga.com\">info@cervezasantiga.com<\/a><\/p>\n\n\n\n<p class=\"has-text-align-right\">Revisi\u00f3n: Febrero de 2.024<\/p>\n","protected":false},"excerpt":{"rendered":"<p>POL\u00cdTICA DE PRIVACIDAD \u00bfQui\u00e9n es el responsable del tratamiento de tus datos personales? ANTIGA BREWING COMPANY, S.L es el RESPONSABLE del tratamiento de los datos personales del USUARIO y le informa de que estos datos ser\u00e1n tratados de conformidad con lo dispuesto en el Reglamento (UE) 2016\/679, de 27 de abril (GDPR), y la Ley [&#8230;]\n","protected":false},"author":1,"featured_media":0,"parent":0,"menu_order":0,"comment_status":"closed","ping_status":"closed","template":"","meta":{"om_disable_all_campaigns":false,"footnotes":""},"class_list":["post-5410","page","type-page","status-publish","hentry"],"aioseo_notices":[],"_links":{"self":[{"href":"https:\/\/cervezasantiga.com\/inicio\/wp-json\/wp\/v2\/pages\/5410","targetHints":{"allow":["GET"]}}],"collection":[{"href":"https:\/\/cervezasantiga.com\/inicio\/wp-json\/wp\/v2\/pages"}],"about":[{"href":"https:\/\/cervezasantiga.com\/inicio\/wp-json\/wp\/v2\/types\/page"}],"author":[{"embeddable":true,"href":"https:\/\/cervezasantiga.com\/inicio\/wp-json\/wp\/v2\/users\/1"}],"replies":[{"embeddable":true,"href":"https:\/\/cervezasantiga.com\/inicio\/wp-json\/wp\/v2\/comments?post=5410"}],"version-history":[{"count":6,"href":"https:\/\/cervezasantiga.com\/inicio\/wp-json\/wp\/v2\/pages\/5410\/revisions"}],"predecessor-version":[{"id":9325,"href":"https:\/\/cervezasantiga.com\/inicio\/wp-json\/wp\/v2\/pages\/5410\/revisions\/9325"}],"wp:attachment":[{"href":"https:\/\/cervezasantiga.com\/inicio\/wp-json\/wp\/v2\/media?parent=5410"}],"curies":[{"name":"wp","href":"https:\/\/api.w.org\/{rel}","templated":true}]}}