{"id":5413,"date":"2021-03-03T11:00:11","date_gmt":"2021-03-03T11:00:11","guid":{"rendered":"https:\/\/cervezasantiga.com\/inicio\/?page_id=5413"},"modified":"2024-07-25T15:03:34","modified_gmt":"2024-07-25T15:03:34","slug":"politica-de-privacidad-contacto","status":"publish","type":"page","link":"https:\/\/cervezasantiga.com\/inicio\/politica-de-privacidad-contacto\/","title":{"rendered":"POL\u00cdTICA DE PRIVACIDAD Contacto"},"content":{"rendered":"\n<p><strong>CONSENTIMIENTO PARA EL TRATAMIENTO DE DATOS PERSONALES<\/strong><br><\/p>\n\n\n\n<p>ANTIGA BREWING COMPANY, S.L es el Responsable del tratamiento de los datos personales del<br>Usuario y le informa de que estos datos se tratar\u00e1n de conformidad con lo dispuesto en el Reglamento<br>(UE) 2016\/679, de 27 de abril (GDPR), y la Ley Org\u00e1nica 3\/2018, de 5 de diciembre (LOPDGDD), por<br>lo que se le facilita la siguiente informaci\u00f3n del tratamiento:<\/p>\n\n\n\n<p><br><strong>Fines y legitimaci\u00f3n del tratamiento: <\/strong>mantener una relaci\u00f3n comercial (por inter\u00e9s leg\u00edtimo del<br>responsable, art. 6.1.f GDPR) y env\u00edo de comunicaciones de productos o servicios (con el consentimiento del interesado, art. 6.1.a GDPR).<br><strong>Criterios de conservaci\u00f3n de los datos:<\/strong> se conservar\u00e1n durante no m\u00e1s tiempo del necesario para<br>mantener el fin del tratamiento o existan prescripciones legales que dictaminen su custodia y cuando<br>ya no sea necesario para ello, se suprimir\u00e1n con medidas de seguridad adecuadas para garantizar la<br>anonimizaci\u00f3n de los datos o la destrucci\u00f3n total de los mismos.<br><strong>Comunicaci\u00f3n de los datos: <\/strong>No se comunicar\u00e1n los datos a terceros, salvo obligaci\u00f3n legal o por ser necesarias para la prestaci\u00f3n del servicio.<br><strong>Derechos que asisten al Usuario:<\/strong><\/p>\n\n\n\n<ul class=\"wp-block-list\">\n<li>Derecho a retirar el consentimiento en cualquier momento.<\/li>\n\n\n\n<li>Derecho de acceso, rectificaci\u00f3n, portabilidad y supresi\u00f3n de sus datos, y de limitaci\u00f3n u oposici\u00f3n a<br>su tratamiento.<\/li>\n\n\n\n<li>Derecho a presentar una reclamaci\u00f3n ante la Autoridad de control (www.aepd.es) si considera que el<br>tratamiento no se ajusta a la normativa vigente.<br>Datos de contacto para ejercer sus derechos:<br>ANTIGA BREWING COMPANY, S.L. Cam\u00ed Vell de Russafa, 100. Pol. Ind. El Bony, &#8211; 46470<br>CATARROJA (Val\u00e8ncia). E-mail: info@cervezas<\/li>\n<\/ul>\n\n\n\n<p>Para continuar <strong>debe aceptar que ha le\u00eddo <\/strong>y est\u00e1 conforme con la Pol\u00edtica de Privacidad<\/p>\n","protected":false},"excerpt":{"rendered":"<p>CONSENTIMIENTO PARA EL TRATAMIENTO DE DATOS PERSONALES ANTIGA BREWING COMPANY, S.L es el Responsable del tratamiento de los datos personales delUsuario y le informa de que estos datos se tratar\u00e1n de conformidad con lo dispuesto en el Reglamento(UE) 2016\/679, de 27 de abril (GDPR), y la Ley Org\u00e1nica 3\/2018, de 5 de diciembre (LOPDGDD), porlo [&#8230;]\n","protected":false},"author":1,"featured_media":0,"parent":0,"menu_order":0,"comment_status":"closed","ping_status":"closed","template":"","meta":{"om_disable_all_campaigns":false,"footnotes":""},"class_list":["post-5413","page","type-page","status-publish","hentry"],"aioseo_notices":[],"_links":{"self":[{"href":"https:\/\/cervezasantiga.com\/inicio\/wp-json\/wp\/v2\/pages\/5413","targetHints":{"allow":["GET"]}}],"collection":[{"href":"https:\/\/cervezasantiga.com\/inicio\/wp-json\/wp\/v2\/pages"}],"about":[{"href":"https:\/\/cervezasantiga.com\/inicio\/wp-json\/wp\/v2\/types\/page"}],"author":[{"embeddable":true,"href":"https:\/\/cervezasantiga.com\/inicio\/wp-json\/wp\/v2\/users\/1"}],"replies":[{"embeddable":true,"href":"https:\/\/cervezasantiga.com\/inicio\/wp-json\/wp\/v2\/comments?post=5413"}],"version-history":[{"count":4,"href":"https:\/\/cervezasantiga.com\/inicio\/wp-json\/wp\/v2\/pages\/5413\/revisions"}],"predecessor-version":[{"id":9327,"href":"https:\/\/cervezasantiga.com\/inicio\/wp-json\/wp\/v2\/pages\/5413\/revisions\/9327"}],"wp:attachment":[{"href":"https:\/\/cervezasantiga.com\/inicio\/wp-json\/wp\/v2\/media?parent=5413"}],"curies":[{"name":"wp","href":"https:\/\/api.w.org\/{rel}","templated":true}]}}