{"id":10760,"date":"2026-04-15T08:41:04","date_gmt":"2026-04-15T08:41:04","guid":{"rendered":"https:\/\/cervezasantiga.com\/inicio\/?post_type=product&#038;p=10760"},"modified":"2026-04-15T09:14:16","modified_gmt":"2026-04-15T09:14:16","slug":"catas-de-cervezas-antiga-en-estacion-cero-degustacion-de-empanadas%f0%9f%8d%bb%f0%9f%87%a6%f0%9f%87%b7","status":"publish","type":"product","link":"https:\/\/cervezasantiga.com\/inicio\/producto\/catas-de-cervezas-antiga-en-estacion-cero-degustacion-de-empanadas%f0%9f%8d%bb%f0%9f%87%a6%f0%9f%87%b7\/","title":{"rendered":"Catas de Cervezas Antiga en Estacion Cero + Degustaci\u00f3n de Empanadas&#x1f37b;&#x1f1e6;&#x1f1f7;"},"content":{"rendered":"<h3 data-path-to-node=\"2\"><b data-path-to-node=\"2\" data-index-in-node=\"0\">Cata Ilimitada + Degustaci\u00f3n de Empanadas en Estaci\u00f3n Cero<\/b> &#x1f37b;&#x1f1e6;&#x1f1f7;<\/h3>\n<p data-path-to-node=\"3\"><b data-path-to-node=\"3\" data-index-in-node=\"0\">4 Cervezas + Un grifo pinchado<\/b> para que lo pruebes cuantas veces quieras, <b data-path-to-node=\"3\" data-index-in-node=\"74\">HASTA QUE SE TERMINE EL BARRIL<\/b>.<\/p>\n<p data-path-to-node=\"4\"><b data-path-to-node=\"4\" data-index-in-node=\"0\">Experiencia Argentina:<\/b> Disfruta de una degustaci\u00f3n de nuestras aut\u00e9nticas empanadas argentinas para acompa\u00f1ar la mejor cultura cervecera en pleno coraz\u00f3n de Ruzafa.<\/p>\n<ul data-path-to-node=\"5\">\n<li>\n<p data-path-to-node=\"5,0,0\"><b data-path-to-node=\"5,0,0\" data-index-in-node=\"0\">Horario:<\/b> Viernes de 18:00 \u2013 20:00.<\/p>\n<\/li>\n<li>\n<p data-path-to-node=\"5,1,0\"><b data-path-to-node=\"5,1,0\" data-index-in-node=\"0\">Ubicaci\u00f3n:<\/b> C\/ de Cadis, 47, L&#8217;Eixample (Estaci\u00f3n Cero).<\/p>\n<\/li>\n<li>\n<p data-path-to-node=\"5,2,0\"><b data-path-to-node=\"5,2,0\" data-index-in-node=\"0\">Opci\u00f3n de REGALO:<\/b> Compra el bono ahora y que la persona que reciba el regalo escoja la fecha que quiera. \u00a1El planazo perfecto para empezar el finde! &#x1f381;<\/p>\n<\/li>\n<\/ul>\n<h3 data-path-to-node=\"7\">\u00bfC\u00f3mo proceder?<\/h3>\n<ol start=\"1\" data-path-to-node=\"8\">\n<li>\n<p data-path-to-node=\"8,0,0\"><b data-path-to-node=\"8,0,0\" data-index-in-node=\"0\">Ver las fechas disponibles<\/b> en la web.<\/p>\n<\/li>\n<li>\n<p data-path-to-node=\"8,1,0\"><b data-path-to-node=\"8,1,0\" data-index-in-node=\"0\">Env\u00edanos un correo<\/b> con la fecha que quieres venir a <code data-path-to-node=\"8,1,0\" data-index-in-node=\"52\">info@cervezasantiga.com<\/code>.<\/p>\n<\/li>\n<li>\n<p data-path-to-node=\"8,2,0\"><b data-path-to-node=\"8,2,0\" data-index-in-node=\"0\">Dinos en el correo<\/b> el c\u00f3digo de compra o la persona que compr\u00f3 el regalo.<\/p>\n<\/li>\n<li>\n<p data-path-to-node=\"8,3,0\"><b data-path-to-node=\"8,3,0\" data-index-in-node=\"0\">Te contestaremos<\/b> al correo para confirmar tu plaza.<\/p>\n<\/li>\n<\/ol>\n<p data-path-to-node=\"9\"><i data-path-to-node=\"9\" data-index-in-node=\"0\">Cualquier suplemento adicional en comida o bebida se cobrar\u00e1 por separado en el local.\u00a0<\/i><\/p>\n","protected":false},"excerpt":{"rendered":"<div dir=\"auto\">\n<h3 data-path-to-node=\"2\"><b data-path-to-node=\"2\" data-index-in-node=\"0\">Cata Ilimitada + Degustaci\u00f3n de Empanadas en Estaci\u00f3n Cero<\/b> &#x1f37b;&#x1f1e6;&#x1f1f7;<\/h3>\n<p data-path-to-node=\"3\"><b data-path-to-node=\"3\" data-index-in-node=\"0\">4 Cervezas + Un grifo pinchado<\/b> para que lo pruebes cuantas veces quieras, <b data-path-to-node=\"3\" data-index-in-node=\"74\">HASTA QUE SE TERMINE EL BARRIL<\/b>.<\/p>\n<p data-path-to-node=\"4\"><b data-path-to-node=\"4\" data-index-in-node=\"0\">Experiencia Argentina:<\/b> Disfruta de una degustaci\u00f3n de nuestras aut\u00e9nticas empanadas argentinas para acompa\u00f1ar la mejor cultura cervecera en pleno coraz\u00f3n de Ruzafa.<\/p>\n<\/div>\n","protected":false},"featured_media":10799,"comment_status":"open","ping_status":"closed","template":"","meta":{"om_disable_all_campaigns":false},"product_brand":[],"product_cat":[27],"product_tag":[],"class_list":{"0":"post-10760","1":"product","2":"type-product","3":"status-publish","4":"has-post-thumbnail","6":"product_cat-catas-en-fabrica-y-online","7":"product_shipping_class-gratis","9":"first","10":"instock","11":"taxable","12":"shipping-taxable","13":"purchasable","14":"product-type-variable"},"bundled_by":[],"bundle_stock_status":"instock","bundle_stock_quantity":null,"bundle_virtual":false,"bundle_layout":"","bundle_add_to_cart_form_location":"","bundle_editable_in_cart":false,"bundle_sold_individually_context":"","bundle_item_grouping":"","bundle_min_size":"","bundle_max_size":"","bundled_items":[],"bundle_sell_ids":[],"aioseo_notices":[],"_links":{"self":[{"href":"https:\/\/cervezasantiga.com\/inicio\/wp-json\/wp\/v2\/product\/10760","targetHints":{"allow":["GET"]}}],"collection":[{"href":"https:\/\/cervezasantiga.com\/inicio\/wp-json\/wp\/v2\/product"}],"about":[{"href":"https:\/\/cervezasantiga.com\/inicio\/wp-json\/wp\/v2\/types\/product"}],"replies":[{"embeddable":true,"href":"https:\/\/cervezasantiga.com\/inicio\/wp-json\/wp\/v2\/comments?post=10760"}],"wp:featuredmedia":[{"embeddable":true,"href":"https:\/\/cervezasantiga.com\/inicio\/wp-json\/wp\/v2\/media\/10799"}],"wp:attachment":[{"href":"https:\/\/cervezasantiga.com\/inicio\/wp-json\/wp\/v2\/media?parent=10760"}],"wp:term":[{"taxonomy":"product_brand","embeddable":true,"href":"https:\/\/cervezasantiga.com\/inicio\/wp-json\/wp\/v2\/product_brand?post=10760"},{"taxonomy":"product_cat","embeddable":true,"href":"https:\/\/cervezasantiga.com\/inicio\/wp-json\/wp\/v2\/product_cat?post=10760"},{"taxonomy":"product_tag","embeddable":true,"href":"https:\/\/cervezasantiga.com\/inicio\/wp-json\/wp\/v2\/product_tag?post=10760"}],"curies":[{"name":"wp","href":"https:\/\/api.w.org\/{rel}","templated":true}]}}